{"id":19114,"date":"2025-02-18T08:55:45","date_gmt":"2025-02-18T07:55:45","guid":{"rendered":"https:\/\/labonin.cloudfactory.it\/?post_type=product&#038;p=19114"},"modified":"2026-04-18T19:39:58","modified_gmt":"2026-04-18T17:39:58","slug":"coppelle-cinta","status":"publish","type":"product","link":"https:\/\/www.labonin.com\/en\/product\/coppelle-cinta\/","title":{"rendered":"cupels &amp; belt"},"content":{"rendered":"<p>A hobo bag in mini format, Coppelle is the perfect companion for your evenings out on the town. It can be carried by hand or on the wrist. Add the matching belt and wear it over the shoulder.<\/p>\n<p>&nbsp;<\/p>","protected":false},"excerpt":{"rendered":"<p>A hobo bag in mini format, Coppelle is the perfect companion for your evenings out on the town. It can be carried by hand or on the wrist. Add the matching belt and wear it over the shoulder. &nbsp;<\/p>","protected":false},"featured_media":20049,"template":"","meta":{"_acf_changed":false,"inline_featured_image":false},"product_brand":[],"product_cat":[69,88,86,75,93,72,101],"product_tag":[],"class_list":{"0":"post-19114","1":"product","2":"type-product","3":"status-publish","4":"has-post-thumbnail","6":"product_cat-a-mano","7":"product_cat-a-tracolla","8":"product_cat-borse","9":"product_cat-coppelle","10":"product_cat-mini","11":"product_cat-mini-bag","12":"product_cat-soffici","14":"first","15":"instock","16":"sold-individually","17":"taxable","18":"shipping-taxable","19":"purchasable","20":"product-type-variable","21":"wvs-archive-product-wrapper"},"acf":[],"yoast_head":"<!-- This site is optimized with the Yoast SEO plugin v27.4 - https:\/\/yoast.com\/product\/yoast-seo-wordpress\/ -->\n<title>coppelle &amp; cintura - La Bonin<\/title>\n<meta name=\"robots\" content=\"index, follow, max-snippet:-1, max-image-preview:large, max-video-preview:-1\" \/>\n<link rel=\"canonical\" href=\"https:\/\/www.labonin.com\/en\/product\/coppelle-cinta\/\" \/>\n<meta property=\"og:locale\" content=\"en_GB\" \/>\n<meta property=\"og:type\" content=\"article\" \/>\n<meta property=\"og:title\" content=\"coppelle &amp; cintura - La Bonin\" \/>\n<meta property=\"og:description\" content=\"Borsa hobo in formato mini, Coppelle \u00e8 la compagna perfetta per le tue serate in citt\u00e0. Pu\u00f2 essere portata a mano o al polso. Aggiungi la cintura coordinata e indossala a tracolla. &nbsp;\" \/>\n<meta property=\"og:url\" content=\"https:\/\/www.labonin.com\/en\/product\/coppelle-cinta\/\" \/>\n<meta property=\"og:site_name\" content=\"La Bonin\" \/>\n<meta property=\"article:publisher\" content=\"https:\/\/www.facebook.com\/laboninbags\/?locale=it_IT\" \/>\n<meta property=\"article:modified_time\" content=\"2026-04-18T17:39:58+00:00\" \/>\n<meta property=\"og:image\" content=\"https:\/\/www.labonin.com\/wp-content\/uploads\/2025\/02\/IMG_1017.jpg\" \/>\n\t<meta property=\"og:image:width\" content=\"1280\" \/>\n\t<meta property=\"og:image:height\" content=\"1920\" \/>\n\t<meta property=\"og:image:type\" content=\"image\/jpeg\" \/>\n<meta name=\"twitter:card\" content=\"summary_large_image\" \/>\n<meta name=\"twitter:label1\" content=\"Estimated reading time\" \/>\n\t<meta name=\"twitter:data1\" content=\"1 minute\" \/>\n<script type=\"application\/ld+json\" class=\"yoast-schema-graph\">{\"@context\":\"https:\\\/\\\/schema.org\",\"@graph\":[{\"@type\":\"WebPage\",\"@id\":\"https:\\\/\\\/www.labonin.com\\\/prodotto\\\/coppelle-cinta\\\/\",\"url\":\"https:\\\/\\\/www.labonin.com\\\/prodotto\\\/coppelle-cinta\\\/\",\"name\":\"coppelle & cintura - La Bonin\",\"isPartOf\":{\"@id\":\"https:\\\/\\\/www.labonin.com\\\/#website\"},\"primaryImageOfPage\":{\"@id\":\"https:\\\/\\\/www.labonin.com\\\/prodotto\\\/coppelle-cinta\\\/#primaryimage\"},\"image\":{\"@id\":\"https:\\\/\\\/www.labonin.com\\\/prodotto\\\/coppelle-cinta\\\/#primaryimage\"},\"thumbnailUrl\":\"https:\\\/\\\/www.labonin.com\\\/wp-content\\\/uploads\\\/2025\\\/02\\\/IMG_1017.jpg\",\"datePublished\":\"2025-02-18T07:55:45+00:00\",\"dateModified\":\"2026-04-18T17:39:58+00:00\",\"breadcrumb\":{\"@id\":\"https:\\\/\\\/www.labonin.com\\\/prodotto\\\/coppelle-cinta\\\/#breadcrumb\"},\"inLanguage\":\"en-GB\",\"potentialAction\":[{\"@type\":\"ReadAction\",\"target\":[\"https:\\\/\\\/www.labonin.com\\\/prodotto\\\/coppelle-cinta\\\/\"]}]},{\"@type\":\"ImageObject\",\"inLanguage\":\"en-GB\",\"@id\":\"https:\\\/\\\/www.labonin.com\\\/prodotto\\\/coppelle-cinta\\\/#primaryimage\",\"url\":\"https:\\\/\\\/www.labonin.com\\\/wp-content\\\/uploads\\\/2025\\\/02\\\/IMG_1017.jpg\",\"contentUrl\":\"https:\\\/\\\/www.labonin.com\\\/wp-content\\\/uploads\\\/2025\\\/02\\\/IMG_1017.jpg\",\"width\":1280,\"height\":1920},{\"@type\":\"BreadcrumbList\",\"@id\":\"https:\\\/\\\/www.labonin.com\\\/prodotto\\\/coppelle-cinta\\\/#breadcrumb\",\"itemListElement\":[{\"@type\":\"ListItem\",\"position\":1,\"name\":\"Home\",\"item\":\"https:\\\/\\\/www.labonin.com\\\/\"},{\"@type\":\"ListItem\",\"position\":2,\"name\":\"coppelle &#038; cintura\"}]},{\"@type\":\"WebSite\",\"@id\":\"https:\\\/\\\/www.labonin.com\\\/#website\",\"url\":\"https:\\\/\\\/www.labonin.com\\\/\",\"name\":\"La Bonin\",\"description\":\"Borse e accessori fatti a mano a Roma con pellami di alta qualit\u00e0. Unici come te.\",\"publisher\":{\"@id\":\"https:\\\/\\\/www.labonin.com\\\/#organization\"},\"potentialAction\":[{\"@type\":\"SearchAction\",\"target\":{\"@type\":\"EntryPoint\",\"urlTemplate\":\"https:\\\/\\\/www.labonin.com\\\/?s={search_term_string}\"},\"query-input\":{\"@type\":\"PropertyValueSpecification\",\"valueRequired\":true,\"valueName\":\"search_term_string\"}}],\"inLanguage\":\"en-GB\"},{\"@type\":\"Organization\",\"@id\":\"https:\\\/\\\/www.labonin.com\\\/#organization\",\"name\":\"La Bonin\",\"url\":\"https:\\\/\\\/www.labonin.com\\\/\",\"logo\":{\"@type\":\"ImageObject\",\"inLanguage\":\"en-GB\",\"@id\":\"https:\\\/\\\/www.labonin.com\\\/#\\\/schema\\\/logo\\\/image\\\/\",\"url\":\"https:\\\/\\\/www.labonin.com\\\/wp-content\\\/uploads\\\/2024\\\/12\\\/labonin-web-logo-cropped.svg\",\"contentUrl\":\"https:\\\/\\\/www.labonin.com\\\/wp-content\\\/uploads\\\/2024\\\/12\\\/labonin-web-logo-cropped.svg\",\"width\":363,\"height\":119,\"caption\":\"La Bonin\"},\"image\":{\"@id\":\"https:\\\/\\\/www.labonin.com\\\/#\\\/schema\\\/logo\\\/image\\\/\"},\"sameAs\":[\"https:\\\/\\\/www.facebook.com\\\/laboninbags\\\/?locale=it_IT\",\"https:\\\/\\\/www.instagram.com\\\/laboninbags\\\/\"]}]}<\/script>\n<!-- \/ Yoast SEO plugin. -->","yoast_head_json":{"title":"coppelle & cintura - La Bonin","robots":{"index":"index","follow":"follow","max-snippet":"max-snippet:-1","max-image-preview":"max-image-preview:large","max-video-preview":"max-video-preview:-1"},"canonical":"https:\/\/www.labonin.com\/en\/product\/coppelle-cinta\/","og_locale":"en_GB","og_type":"article","og_title":"coppelle & cintura - La Bonin","og_description":"Borsa hobo in formato mini, Coppelle \u00e8 la compagna perfetta per le tue serate in citt\u00e0. Pu\u00f2 essere portata a mano o al polso. Aggiungi la cintura coordinata e indossala a tracolla. &nbsp;","og_url":"https:\/\/www.labonin.com\/en\/product\/coppelle-cinta\/","og_site_name":"La Bonin","article_publisher":"https:\/\/www.facebook.com\/laboninbags\/?locale=it_IT","article_modified_time":"2026-04-18T17:39:58+00:00","og_image":[{"width":1280,"height":1920,"url":"https:\/\/www.labonin.com\/wp-content\/uploads\/2025\/02\/IMG_1017.jpg","type":"image\/jpeg"}],"twitter_card":"summary_large_image","twitter_misc":{"Estimated reading time":"1 minute"},"schema":{"@context":"https:\/\/schema.org","@graph":[{"@type":"WebPage","@id":"https:\/\/www.labonin.com\/prodotto\/coppelle-cinta\/","url":"https:\/\/www.labonin.com\/prodotto\/coppelle-cinta\/","name":"coppelle & cintura - La Bonin","isPartOf":{"@id":"https:\/\/www.labonin.com\/#website"},"primaryImageOfPage":{"@id":"https:\/\/www.labonin.com\/prodotto\/coppelle-cinta\/#primaryimage"},"image":{"@id":"https:\/\/www.labonin.com\/prodotto\/coppelle-cinta\/#primaryimage"},"thumbnailUrl":"https:\/\/www.labonin.com\/wp-content\/uploads\/2025\/02\/IMG_1017.jpg","datePublished":"2025-02-18T07:55:45+00:00","dateModified":"2026-04-18T17:39:58+00:00","breadcrumb":{"@id":"https:\/\/www.labonin.com\/prodotto\/coppelle-cinta\/#breadcrumb"},"inLanguage":"en-GB","potentialAction":[{"@type":"ReadAction","target":["https:\/\/www.labonin.com\/prodotto\/coppelle-cinta\/"]}]},{"@type":"ImageObject","inLanguage":"en-GB","@id":"https:\/\/www.labonin.com\/prodotto\/coppelle-cinta\/#primaryimage","url":"https:\/\/www.labonin.com\/wp-content\/uploads\/2025\/02\/IMG_1017.jpg","contentUrl":"https:\/\/www.labonin.com\/wp-content\/uploads\/2025\/02\/IMG_1017.jpg","width":1280,"height":1920},{"@type":"BreadcrumbList","@id":"https:\/\/www.labonin.com\/prodotto\/coppelle-cinta\/#breadcrumb","itemListElement":[{"@type":"ListItem","position":1,"name":"Home","item":"https:\/\/www.labonin.com\/"},{"@type":"ListItem","position":2,"name":"coppelle &#038; cintura"}]},{"@type":"WebSite","@id":"https:\/\/www.labonin.com\/#website","url":"https:\/\/www.labonin.com\/","name":"La Bonin","description":"Handmade bags and accessories in Rome with high quality leather. As unique as you.","publisher":{"@id":"https:\/\/www.labonin.com\/#organization"},"potentialAction":[{"@type":"SearchAction","target":{"@type":"EntryPoint","urlTemplate":"https:\/\/www.labonin.com\/?s={search_term_string}"},"query-input":{"@type":"PropertyValueSpecification","valueRequired":true,"valueName":"search_term_string"}}],"inLanguage":"en-GB"},{"@type":"Organization","@id":"https:\/\/www.labonin.com\/#organization","name":"La Bonin","url":"https:\/\/www.labonin.com\/","logo":{"@type":"ImageObject","inLanguage":"en-GB","@id":"https:\/\/www.labonin.com\/#\/schema\/logo\/image\/","url":"https:\/\/www.labonin.com\/wp-content\/uploads\/2024\/12\/labonin-web-logo-cropped.svg","contentUrl":"https:\/\/www.labonin.com\/wp-content\/uploads\/2024\/12\/labonin-web-logo-cropped.svg","width":363,"height":119,"caption":"La Bonin"},"image":{"@id":"https:\/\/www.labonin.com\/#\/schema\/logo\/image\/"},"sameAs":["https:\/\/www.facebook.com\/laboninbags\/?locale=it_IT","https:\/\/www.instagram.com\/laboninbags\/"]}]}},"_links":{"self":[{"href":"https:\/\/www.labonin.com\/en\/wp-json\/wp\/v2\/product\/19114","targetHints":{"allow":["GET"]}}],"collection":[{"href":"https:\/\/www.labonin.com\/en\/wp-json\/wp\/v2\/product"}],"about":[{"href":"https:\/\/www.labonin.com\/en\/wp-json\/wp\/v2\/types\/product"}],"wp:featuredmedia":[{"embeddable":true,"href":"https:\/\/www.labonin.com\/en\/wp-json\/wp\/v2\/media\/20049"}],"wp:attachment":[{"href":"https:\/\/www.labonin.com\/en\/wp-json\/wp\/v2\/media?parent=19114"}],"wp:term":[{"taxonomy":"product_brand","embeddable":true,"href":"https:\/\/www.labonin.com\/en\/wp-json\/wp\/v2\/product_brand?post=19114"},{"taxonomy":"product_cat","embeddable":true,"href":"https:\/\/www.labonin.com\/en\/wp-json\/wp\/v2\/product_cat?post=19114"},{"taxonomy":"product_tag","embeddable":true,"href":"https:\/\/www.labonin.com\/en\/wp-json\/wp\/v2\/product_tag?post=19114"}],"curies":[{"name":"wp","href":"https:\/\/api.w.org\/{rel}","templated":true}]}}